{"id":7397,"date":"2025-10-04T16:38:27","date_gmt":"2025-10-04T14:38:27","guid":{"rendered":"https:\/\/www.francesco-valentini.com\/?page_id=7397"},"modified":"2025-10-12T08:33:59","modified_gmt":"2025-10-12T06:33:59","slug":"privacy-policy-francesco-valentini-architect-marche-region","status":"publish","type":"page","link":"https:\/\/www.francesco-valentini.com\/en\/privacy-policy-francesco-valentini-architetto-regione-marche\/","title":{"rendered":"privacy policy"},"content":{"rendered":"<div class=\"grid kcm\">\n<div class=\"grid__item one-whole portable--auto lap--auto palm--auto\" data-style=\"\">\n<div class=\"title mb-5\">\n<h6 class=\"mb-0\"><strong><span style=\"font-size: 13px;\">Privacy policy<\/span><\/strong><\/h6>\n<p>&nbsp;<\/p>\n<\/div>\n<div class=\"row gutters-30 mb-5\">\n<h6><span style=\"font-size: 13px;\"><strong>PERSONAL DATA PROCESSING NOTICE - SITE<br \/>\n(ART. 13 European Regulation 2016\/679 - GDPR)<\/strong><\/span><\/h6>\n<h6><span style=\"font-size: 13px;\"><strong><br \/>\n<\/strong><\/span><strong><span style=\"font-size: 13px;\">PERSONAL DATA CONTROLLERS<\/span><\/strong><\/h6>\n<p><span style=\"font-size: 13px;\">Pursuant to the legislation in force and the provisions of Article 13 of EU Regulation 2016\/679 of the European Parliament and of the Council of 27 April 2016 on the protection of individuals with regard to the processing of personal data and on the free movement of such data (hereinafter the \u201cRegulation\u201d), we inform you that with regard to the personal data you provide within this website, the Data Controller is the following and acts, in matters of Privacy, as autonomous:<\/span><\/p>\n<h6 class=\"mb-0\"><span style=\"font-size: 13px;\"><strong>Francesco Valentini<br \/>\n<\/strong><\/span><span style=\"font-size: 13px;\">F.C.: VLNFNC81M20D542E and VAT no.: 01999860446<\/span><br \/>\n<span style=\"font-size: 13px;\">Via Giuseppe Leti no. 65, Fermo<\/span><br \/>\n<span style=\"font-size: 13px;\">tel. +39.3495708094 - info@francesco-valentini.com<\/span><\/h6>\n<p>&nbsp;<\/p>\n<h6 class=\"mb-0\"><span style=\"font-size: 13px;\"><strong>NAVIGATION DATA<\/strong><\/span><\/h6>\n<p class=\"mb-0\"><span style=\"font-size: 13px;\">The computer systems and software used for the operation of the site https:\/\/www.francesco-valentini.com\/ (the \u201cSite\u201d) collect certain personal data, the transmission of which is implicit in the use of Internet communication protocols (e.g. IP addresses or domain names of the <\/span><span style=\"font-size: 13px;\">computers used by users who connect to the site, the URI - Uniform Resource Identifier - addresses of the resources requested, the time of the request, the method used to submit the request to the server, the size of the file obtained in response, the numerical code relating to the status of the response from the server - successful, error, etc. - and other parameters relating to the user's operating system and computer environment). Although this information is not collected to be associated with identified interested parties, by its nature it could, through processing and association with data held by third parties, allow users to be identified. These<\/span><span style=\"font-size: 13px;\"> data are used for the sole purpose of obtaining statistical information not associated with any user identification data on the use of the Site and to check its correct functioning and are deleted immediately after processing. The data may be used for <\/span><span style=\"font-size: 13px;\">ascertaining liability in the event of hypothetical computer crimes to the detriment of the Site.<\/span><\/p>\n<p>&nbsp;<\/p>\n<h6 class=\"mb-0\"><span style=\"font-size: 13px;\"><strong>DATA PROCESSED, PROVISION AND REFUSAL<\/strong><\/span><\/h6>\n<p class=\"mb-0\"><span style=\"font-size: 13px;\">No provision of personal data by the user is required in order to consult the Site. However, any contact with the Controller, e.g. through the customer service, or the optional, explicit and spontaneous sending of messages, by electronic or traditional mail, to the addresses <\/span><span style=\"font-size: 13px;\">indicated on the Site entail the subsequent acquisition of the address, including e-mail, of the sender or of the relative telephone number, necessary for replying to requests, as well as any other personal data included in the relative communications. The provision of personal data in these ways is optional, but please note that failure to provide such data may make it impossible for Architects to respond to your requests.<\/span><\/p>\n<p>&nbsp;<\/p>\n<h6 class=\"mb-0\"><span style=\"font-size: 13px;\"><strong>MODE OF TREATMENT<\/strong><\/span><\/h6>\n<p class=\"mb-0\"><span style=\"font-size: 13px;\">The processing of the data shall be carried out by personnel appointed by the Data Controller using procedures, technical and IT tools suitable for protecting the confidentiality and security of your data and shall consist of the collection, recording, organisation, storage, consultation, processing, modification, selection, extraction, comparison, use, interconnection, blocking, communication, dissemination, erasure and destruction of the data, including the combination of two or more of the above activities.<\/span><\/p>\n<p>&nbsp;<\/p>\n<h6 class=\"mb-0\"><span style=\"font-size: 13px;\"><strong>PURPOSE AND LEGAL BASIS OF PROCESSING<\/strong><\/span><\/h6>\n<p class=\"mb-0\"><span style=\"font-size: 13px;\">The Personal Data provided by users who voluntarily register or send requests for information material (newsletters, answers to queries, etc.) are used in order to perform the service or provision requested and may be disclosed to third parties only if necessary for this purpose.<\/span><\/p>\n<p>&nbsp;<\/p>\n<h6 class=\"mb-0\"><span style=\"font-size: 13px;\"><strong>DURATION OF DATA RETENTION<\/strong><\/span><\/h6>\n<p class=\"mb-0\"><span style=\"font-size: 13px;\">Users' personal data are only stored for as long as it is strictly necessary to provide the user with the requested service and are deleted immediately thereafter, without prejudice to any further storage requirements provided for by law. Users' personal data will not be disseminated.<\/span><br \/>\n<span style=\"font-size: 13px;\">Users are requested not to provide data falling into special categories of personal data (e.g. data revealing health or sexual preferences, racial or ethnic origin, political or religious beliefs, etc.). In the event that the Architects become aware of <\/span><span style=\"font-size: 13px;\">special categories of personal data through messages sent by users, will refrain from processing such data and will promptly proceed to delete such data. The Architects do not process personal data of minors, and please contact us if there is any doubt regarding data that could relate to a minor, and investigations will be carried out to remove data relating to the minor.<\/span><\/p>\n<p>&nbsp;<\/p>\n<h6 class=\"mb-0\"><span style=\"font-size: 13px;\"><strong>COMMUNICATION OF DATA<\/strong><\/span><\/h6>\n<p class=\"mb-0\"><span style=\"font-size: 13px;\">Within the scope of its activity and for the purposes set out above, Architects may make use of services rendered by third parties acting on their behalf and in accordance with their instructions, as data processors. These are parties who provide the Controller with processing services or <\/span><span style=\"font-size: 13px;\">instrumental. You may request a complete and updated list of the persons appointed as data processors by contacting one of the contacts listed below.<\/span><\/p>\n<p>&nbsp;<\/p>\n<h6 class=\"mb-0\"><strong><span style=\"font-size: 13px;\">DATA TRANSFER ABROAD<\/span><\/strong><\/h6>\n<p class=\"mb-0\"><span style=\"font-size: 13px;\">The data may be transferred within the European Union, if Architects its suppliers are based or have their servers in such countries. Data will not be transferred outside the European Union.<\/span><\/p>\n<p>&nbsp;<\/p>\n<p class=\"mb-0\"><span style=\"font-size: 13px;\"><strong>Rights of the data subject<\/strong><\/span><br \/>\n<span style=\"font-size: 13px;\">In your capacity as a user, you have the right, with regard to your personal data:<\/span><br \/>\n<span style=\"font-size: 13px;\">- to request access to one or both of the Data Controllers (Art. 15 GDPR)<\/span><br \/>\n<span style=\"font-size: 13px;\">- to obtain rectification (Art. 16 GDPR), erasure (Art. 17 GDPR \u201cRight to be forgotten\u201d), limitation (Art. 18 GDPR)<\/span><br \/>\n<span style=\"font-size: 13px;\">- to obtain them in a structured, commonly used, machine-readable format (Art. 20 \u201cRight to data portability\u201d)<\/span><br \/>\n<span style=\"font-size: 13px;\">- to exercise the right to object (Art. 21 GDPR)<\/span><br \/>\n<span style=\"font-size: 13px;\">- to withdraw their consent to processing at any time (Art. 7 GDPR)<\/span><br \/>\n<span style=\"font-size: 13px;\">- to lodge a complaint with the Control Authority (Art. 77 GDPR)<\/span><br \/>\n<span style=\"font-size: 13px;\">These rights may be exercised by sending communications to the following address<\/span><br \/>\n<span style=\"font-size: 13px;\">e-mail address: info@francesco-valentini.com<\/span><\/p>\n<\/div>\n<\/div>\n<\/div>","protected":false},"excerpt":{"rendered":"<p>Privacy policy &nbsp; INFORMATIVA TRATTAMENTO DATI PERSONALI &#8211; SITO (ART. 13 Regolamento Europeo 2016\/679 &#8211; GDPR) TITOLARI DEL TRATTAMENTO DEI DATI PERSONALI Ai sensi della normativa vigente e di quanto previsto dall&#8217;art. 13 del Regolamento UE 2016\/679 del Parlamento europeo e del Consiglio, del 27 aprile 2016, relativo alla protezione delle persone fisiche con riguardo [&hellip;]<\/p>\n","protected":false},"author":1,"featured_media":0,"parent":0,"menu_order":0,"comment_status":"closed","ping_status":"closed","template":"","meta":{"_acf_changed":false,"footnotes":""},"class_list":["post-7397","page","type-page","status-publish","hentry"],"acf":[],"yoast_head":"<!-- This site is optimized with the Yoast SEO Premium plugin v27.4 (Yoast SEO v27.4) - https:\/\/yoast.com\/product\/yoast-seo-premium-wordpress\/ -->\n<title>privacy policy \u2022 francesco valentini<\/title>\n<meta name=\"description\" content=\"Leggi la nostra Privacy Policy per capire come raccogliamo, usiamo e proteggiamo i tuoi dati personali. La tua privacy \u00e8 la nostra priorit\u00e0.\" \/>\n<meta name=\"robots\" content=\"noindex, follow\" \/>\n<meta property=\"og:locale\" content=\"en_GB\" \/>\n<meta property=\"og:type\" content=\"article\" \/>\n<meta property=\"og:title\" content=\"informativa sulla privacy\" \/>\n<meta property=\"og:description\" content=\"Leggi la nostra Privacy Policy per capire come raccogliamo, usiamo e proteggiamo i tuoi dati personali. La tua privacy \u00e8 la nostra priorit\u00e0.\" \/>\n<meta property=\"og:url\" content=\"https:\/\/www.francesco-valentini.com\/en\/privacy-policy-francesco-valentini-architect-marche-region\/\" \/>\n<meta property=\"og:site_name\" content=\"francesco valentini\" \/>\n<meta property=\"article:publisher\" content=\"https:\/\/www.facebook.com\/francescovalentiniarchitetto\" \/>\n<meta property=\"article:modified_time\" content=\"2025-10-12T06:33:59+00:00\" \/>\n<meta name=\"twitter:card\" content=\"summary_large_image\" \/>\n<meta name=\"twitter:site\" content=\"@fds_O_D_A_\" \/>\n<meta name=\"twitter:label1\" content=\"Estimated reading time\" \/>\n\t<meta name=\"twitter:data1\" content=\"5 minutes\" \/>\n<script type=\"application\/ld+json\" class=\"yoast-schema-graph\">{\"@context\":\"https:\\\/\\\/schema.org\",\"@graph\":[{\"@type\":\"WebPage\",\"@id\":\"https:\\\/\\\/www.francesco-valentini.com\\\/privacy-policy-francesco-valentini-architetto-regione-marche\\\/\",\"url\":\"https:\\\/\\\/www.francesco-valentini.com\\\/privacy-policy-francesco-valentini-architetto-regione-marche\\\/\",\"name\":\"privacy policy \u2022 francesco valentini\",\"isPartOf\":{\"@id\":\"https:\\\/\\\/www.francesco-valentini.com\\\/#website\"},\"datePublished\":\"2025-10-04T14:38:27+00:00\",\"dateModified\":\"2025-10-12T06:33:59+00:00\",\"description\":\"Leggi la nostra Privacy Policy per capire come raccogliamo, usiamo e proteggiamo i tuoi dati personali. La tua privacy \u00e8 la nostra priorit\u00e0.\",\"breadcrumb\":{\"@id\":\"https:\\\/\\\/www.francesco-valentini.com\\\/privacy-policy-francesco-valentini-architetto-regione-marche\\\/#breadcrumb\"},\"inLanguage\":\"en-GB\",\"potentialAction\":[{\"@type\":\"ReadAction\",\"target\":[\"https:\\\/\\\/www.francesco-valentini.com\\\/privacy-policy-francesco-valentini-architetto-regione-marche\\\/\"]}]},{\"@type\":\"BreadcrumbList\",\"@id\":\"https:\\\/\\\/www.francesco-valentini.com\\\/privacy-policy-francesco-valentini-architetto-regione-marche\\\/#breadcrumb\",\"itemListElement\":[{\"@type\":\"ListItem\",\"position\":1,\"name\":\"Home\",\"item\":\"https:\\\/\\\/www.francesco-valentini.com\\\/\"},{\"@type\":\"ListItem\",\"position\":2,\"name\":\"informativa sulla privacy\"}]},{\"@type\":\"WebSite\",\"@id\":\"https:\\\/\\\/www.francesco-valentini.com\\\/#website\",\"url\":\"https:\\\/\\\/www.francesco-valentini.com\\\/\",\"name\":\"francesco valentini architetto\",\"description\":\"architetto\",\"publisher\":{\"@id\":\"https:\\\/\\\/www.francesco-valentini.com\\\/#organization\"},\"potentialAction\":[{\"@type\":\"SearchAction\",\"target\":{\"@type\":\"EntryPoint\",\"urlTemplate\":\"https:\\\/\\\/www.francesco-valentini.com\\\/?s={search_term_string}\"},\"query-input\":{\"@type\":\"PropertyValueSpecification\",\"valueRequired\":true,\"valueName\":\"search_term_string\"}}],\"inLanguage\":\"en-GB\"},{\"@type\":[\"Organization\",\"Place\",\"ProfessionalService\"],\"@id\":\"https:\\\/\\\/www.francesco-valentini.com\\\/#organization\",\"name\":\"francesco valentini architetto\",\"url\":\"https:\\\/\\\/www.francesco-valentini.com\\\/\",\"logo\":{\"@id\":\"https:\\\/\\\/www.francesco-valentini.com\\\/privacy-policy-francesco-valentini-architetto-regione-marche\\\/#local-main-organization-logo\"},\"image\":{\"@id\":\"https:\\\/\\\/www.francesco-valentini.com\\\/privacy-policy-francesco-valentini-architetto-regione-marche\\\/#local-main-organization-logo\"},\"sameAs\":[\"https:\\\/\\\/www.facebook.com\\\/francescovalentiniarchitetto\",\"https:\\\/\\\/x.com\\\/fds_O_D_A_\",\"https:\\\/\\\/www.instagram.com\\\/__francescovalentini__\\\/\",\"https:\\\/\\\/www.linkedin.com\\\/in\\\/francesco-valentini-9455786b\\\/\"],\"description\":\"Il nostro laboratorio di architettura e design rappresenta molto pi\u00f9 di uno spazio di lavoro. Un atelier creativo, un luogo progettato con l\u2019intento di dare forma concreta alle idee pi\u00f9 innovative. Il laboratorio \u00e8 situato in via Giuseppe Leti al numero 65, nel cuore della splendida e suggestiva citt\u00e0 di Fermo. Questo spazio \u00e8 pensato per essere il punto d\u2018incontro tra visione e realt\u00e0. Siamo qui pronti ad accoglierti con entusiasmo. Condividendo la nostra esperienza, dedizione e competenza, per trasformare le tue aspirazioni in progetti tangibili e armoniosi. In un ambiente che celebra l\u2019unione tra estetica, funzionalit\u00e0 e creativit\u00e0. Il nostro impegno \u00e8 quello di dar vita a soluzioni straordinarie, pensate su misura per rispondere alle tue necessit\u00e0 e valorizzare i tuoi desideri. Non esitare a metterti in contatto con noi. Saremo pi\u00f9 che felici di ascoltare le tue richieste e di soddisfare ogni tua esigenza con cura e professionalit\u00e0.\",\"legalName\":\"francesco valentini architetto\",\"foundingDate\":\"2009-09-01\",\"publishingPrinciples\":\"https:\\\/\\\/www.francesco-valentini.com\\\/privacy-policy-francesco-valentini-architetto-regione-marche\\\/\",\"address\":{\"@id\":\"https:\\\/\\\/www.francesco-valentini.com\\\/privacy-policy-francesco-valentini-architetto-regione-marche\\\/#local-main-place-address\"},\"geo\":{\"@type\":\"GeoCoordinates\",\"latitude\":\"43.1670290083048\",\"longitude\":\"13.735230430203691\"},\"telephone\":[\"+393495708094\"],\"contactPoint\":{\"@type\":\"ContactPoint\",\"telephone\":\"+393495708094\",\"email\":\"info@francesco-valentini.com\"},\"openingHoursSpecification\":[{\"@type\":\"OpeningHoursSpecification\",\"dayOfWeek\":[\"Monday\",\"Tuesday\",\"Wednesday\",\"Thursday\",\"Friday\"],\"opens\":\"09:00\",\"closes\":\"19:00\"},{\"@type\":\"OpeningHoursSpecification\",\"dayOfWeek\":[\"Saturday\",\"Sunday\"],\"opens\":\"00:00\",\"closes\":\"00:00\"}],\"email\":\"info@francesco-valentini.com\",\"vatID\":\"01999860446\",\"taxID\":\"VLNFNC81M20D542E\"},{\"@type\":\"PostalAddress\",\"@id\":\"https:\\\/\\\/www.francesco-valentini.com\\\/privacy-policy-francesco-valentini-architetto-regione-marche\\\/#local-main-place-address\",\"streetAddress\":\"via Giuseppe Leti 65\",\"addressLocality\":\"Fermo\",\"postalCode\":\"63900\",\"addressRegion\":\"Italia\",\"addressCountry\":\"IT\"},{\"@type\":\"ImageObject\",\"inLanguage\":\"en-GB\",\"@id\":\"https:\\\/\\\/www.francesco-valentini.com\\\/privacy-policy-francesco-valentini-architetto-regione-marche\\\/#local-main-organization-logo\",\"url\":\"https:\\\/\\\/www.francesco-valentini.com\\\/wp-content\\\/uploads\\\/2025\\\/10\\\/lofo-fva_QUADRATO.jpg\",\"contentUrl\":\"https:\\\/\\\/www.francesco-valentini.com\\\/wp-content\\\/uploads\\\/2025\\\/10\\\/lofo-fva_QUADRATO.jpg\",\"width\":1476,\"height\":1476,\"caption\":\"francesco valentini architetto\"}]}<\/script>\n<meta name=\"geo.placename\" content=\"Fermo\" \/>\n<meta name=\"geo.position\" content=\"43.1670290083048;13.735230430203691\" \/>\n<meta name=\"geo.region\" content=\"Italy\" \/>\n<!-- \/ Yoast SEO Premium plugin. -->","yoast_head_json":{"title":"privacy policy - francesco valentini","description":"Read our Privacy Policy to understand how we collect, use and protect your personal data. Your privacy is our priority.","robots":{"index":"noindex","follow":"follow"},"og_locale":"en_GB","og_type":"article","og_title":"informativa sulla privacy","og_description":"Leggi la nostra Privacy Policy per capire come raccogliamo, usiamo e proteggiamo i tuoi dati personali. La tua privacy \u00e8 la nostra priorit\u00e0.","og_url":"https:\/\/www.francesco-valentini.com\/en\/privacy-policy-francesco-valentini-architect-marche-region\/","og_site_name":"francesco valentini","article_publisher":"https:\/\/www.facebook.com\/francescovalentiniarchitetto","article_modified_time":"2025-10-12T06:33:59+00:00","twitter_card":"summary_large_image","twitter_site":"@fds_O_D_A_","twitter_misc":{"Estimated reading time":"5 minutes"},"schema":{"@context":"https:\/\/schema.org","@graph":[{"@type":"WebPage","@id":"https:\/\/www.francesco-valentini.com\/privacy-policy-francesco-valentini-architetto-regione-marche\/","url":"https:\/\/www.francesco-valentini.com\/privacy-policy-francesco-valentini-architetto-regione-marche\/","name":"privacy policy - francesco valentini","isPartOf":{"@id":"https:\/\/www.francesco-valentini.com\/#website"},"datePublished":"2025-10-04T14:38:27+00:00","dateModified":"2025-10-12T06:33:59+00:00","description":"Read our Privacy Policy to understand how we collect, use and protect your personal data. Your privacy is our priority.","breadcrumb":{"@id":"https:\/\/www.francesco-valentini.com\/privacy-policy-francesco-valentini-architetto-regione-marche\/#breadcrumb"},"inLanguage":"en-GB","potentialAction":[{"@type":"ReadAction","target":["https:\/\/www.francesco-valentini.com\/privacy-policy-francesco-valentini-architetto-regione-marche\/"]}]},{"@type":"BreadcrumbList","@id":"https:\/\/www.francesco-valentini.com\/privacy-policy-francesco-valentini-architetto-regione-marche\/#breadcrumb","itemListElement":[{"@type":"ListItem","position":1,"name":"Home","item":"https:\/\/www.francesco-valentini.com\/"},{"@type":"ListItem","position":2,"name":"informativa sulla privacy"}]},{"@type":"WebSite","@id":"https:\/\/www.francesco-valentini.com\/#website","url":"https:\/\/www.francesco-valentini.com\/","name":"francesco valentini architect","description":"architect","publisher":{"@id":"https:\/\/www.francesco-valentini.com\/#organization"},"potentialAction":[{"@type":"SearchAction","target":{"@type":"EntryPoint","urlTemplate":"https:\/\/www.francesco-valentini.com\/?s={search_term_string}"},"query-input":{"@type":"PropertyValueSpecification","valueRequired":true,"valueName":"search_term_string"}}],"inLanguage":"en-GB"},{"@type":["Organization","Place","ProfessionalService"],"@id":"https:\/\/www.francesco-valentini.com\/#organization","name":"francesco valentini architect","url":"https:\/\/www.francesco-valentini.com\/","logo":{"@id":"https:\/\/www.francesco-valentini.com\/privacy-policy-francesco-valentini-architetto-regione-marche\/#local-main-organization-logo"},"image":{"@id":"https:\/\/www.francesco-valentini.com\/privacy-policy-francesco-valentini-architetto-regione-marche\/#local-main-organization-logo"},"sameAs":["https:\/\/www.facebook.com\/francescovalentiniarchitetto","https:\/\/x.com\/fds_O_D_A_","https:\/\/www.instagram.com\/__francescovalentini__\/","https:\/\/www.linkedin.com\/in\/francesco-valentini-9455786b\/"],"description":"Our architecture and design workshop is much more than a workspace. A creative atelier, a place designed with the intention of giving concrete form to the most innovative ideas. The workshop is located at number 65, Via Giuseppe Leti, in the heart of the beautiful and evocative city of Fermo. This space is designed to be the meeting point between vision and reality. We are here ready to welcome you with enthusiasm. Sharing our experience, dedication and expertise, to transform your aspirations into tangible and harmonious projects. In an environment that celebrates the union of aesthetics, functionality and creativity. Our commitment is to create extraordinary solutions, tailor-made to meet your needs and enhance your desires. Do not hesitate to get in touch with us. We will be more than happy to listen to your requests and satisfy your every need with care and professionalism.","legalName":"francesco valentini architetto","foundingDate":"2009-09-01","publishingPrinciples":"https:\/\/www.francesco-valentini.com\/privacy-policy-francesco-valentini-architetto-regione-marche\/","address":{"@id":"https:\/\/www.francesco-valentini.com\/privacy-policy-francesco-valentini-architetto-regione-marche\/#local-main-place-address"},"geo":{"@type":"GeoCoordinates","latitude":"43.1670290083048","longitude":"13.735230430203691"},"telephone":["+393495708094"],"contactPoint":{"@type":"ContactPoint","telephone":"+393495708094","email":"info@francesco-valentini.com"},"openingHoursSpecification":[{"@type":"OpeningHoursSpecification","dayOfWeek":["Monday","Tuesday","Wednesday","Thursday","Friday"],"opens":"09:00","closes":"19:00"},{"@type":"OpeningHoursSpecification","dayOfWeek":["Saturday","Sunday"],"opens":"00:00","closes":"00:00"}],"email":"info@francesco-valentini.com","vatID":"01999860446","taxID":"VLNFNC81M20D542E"},{"@type":"PostalAddress","@id":"https:\/\/www.francesco-valentini.com\/privacy-policy-francesco-valentini-architetto-regione-marche\/#local-main-place-address","streetAddress":"via Giuseppe Leti 65","addressLocality":"Fermo","postalCode":"63900","addressRegion":"Italia","addressCountry":"IT"},{"@type":"ImageObject","inLanguage":"en-GB","@id":"https:\/\/www.francesco-valentini.com\/privacy-policy-francesco-valentini-architetto-regione-marche\/#local-main-organization-logo","url":"https:\/\/www.francesco-valentini.com\/wp-content\/uploads\/2025\/10\/lofo-fva_QUADRATO.jpg","contentUrl":"https:\/\/www.francesco-valentini.com\/wp-content\/uploads\/2025\/10\/lofo-fva_QUADRATO.jpg","width":1476,"height":1476,"caption":"francesco valentini architetto"}]},"geo.placename":"Fermo","geo.position":{"lat":"43.1670290083048","long":"13.735230430203691"},"geo.region":"Italy"},"_links":{"self":[{"href":"https:\/\/www.francesco-valentini.com\/en\/wp-json\/wp\/v2\/pages\/7397","targetHints":{"allow":["GET"]}}],"collection":[{"href":"https:\/\/www.francesco-valentini.com\/en\/wp-json\/wp\/v2\/pages"}],"about":[{"href":"https:\/\/www.francesco-valentini.com\/en\/wp-json\/wp\/v2\/types\/page"}],"author":[{"embeddable":true,"href":"https:\/\/www.francesco-valentini.com\/en\/wp-json\/wp\/v2\/users\/1"}],"replies":[{"embeddable":true,"href":"https:\/\/www.francesco-valentini.com\/en\/wp-json\/wp\/v2\/comments?post=7397"}],"version-history":[{"count":0,"href":"https:\/\/www.francesco-valentini.com\/en\/wp-json\/wp\/v2\/pages\/7397\/revisions"}],"wp:attachment":[{"href":"https:\/\/www.francesco-valentini.com\/en\/wp-json\/wp\/v2\/media?parent=7397"}],"curies":[{"name":"wp","href":"https:\/\/api.w.org\/{rel}","templated":true}]}}