{"id":2284,"date":"2018-05-14T21:13:54","date_gmt":"2018-05-14T21:13:54","guid":{"rendered":"http:\/\/www.mias8.com\/?page_id=2284"},"modified":"2026-04-05T00:07:53","modified_gmt":"2026-04-04T23:07:53","slug":"home","status":"publish","type":"page","link":"https:\/\/www.francesco-valentini.com\/en\/","title":{"rendered":"home"},"content":{"rendered":"<div class=\"grid kcm\">\n<div class=\"grid__item eleven-twelfth portable--auto lap--eight-twelfths palm--auto top-large-padding bottom-large-padding center testo-centrato-bianco \" data-style=\"undefined\">\n<p style=\"text-align: left;\"><strong>Il &#8220;sogno di una casa vivente&#8221; \u00e8 l&#8217;aspirazione a uno spazio che non sia solo un contenitore inanimato. Ma un&#8217;entit\u00e0 dinamica e pulsante, in sintonia con chi la abita. <\/strong><strong>\u00c8 il desiderio di un ambiente che respiri. Per concludere, che evolva con le stagioni e con le esperienze di vita, un luogo che nutra il corpo e l&#8217;anima, un abitare che vada oltre la semplice funzionalit\u00e0. Specialmente che crei un legame emotivo con lo spazio e che contribuisca al benessere e alla felicit\u00e0 di chi lo vive. In particolare \u00e8 la ricerca di un&#8217;armonia tra l&#8217;uomo, la natura e l&#8217;ambiente costruito. In definitiva questo sogno si manifesta in diverse sfaccettature.<\/strong><\/p>\n<p><strong>Connessione con la natura, come ampie finestre che incorniciano il paesaggio e giardini che si estendono come un prolungamento degli spazi interni. Uso di materiali naturali che portano all&#8217;interno la texture e i profumi del mondo esterno. Anche qui, sogniamo una casa vivente come espressione profonda di benessere.<\/strong><\/p>\n<p><strong>Fluidit\u00e0 e adattabilit\u00e0 come ambienti che si trasformano in base alle esigenze. Pareti mobili che creano nuove configurazioni. Spazi multifunzionali che accolgono diverse attivit\u00e0 nel corso della giornata. In effetti, la fluidit\u00e0 ricorda il sogno che una casa possa davvero diventare vivente.<\/strong><\/p>\n<p><strong>Benessere e comfort come materiali salubri, illuminazione naturale e ben studiata, acustica piacevole, sistemi di ventilazione che garantiscono aria fresca e pulita, creando un&#8217;atmosfera rigenerante. Allo stesso modo, una casa vivente riflette appieno questo sogno di comfort.<\/strong><\/p>\n<p><strong>Personalizzazione e identit\u00e0 come uno spazio che riflette la personalit\u00e0. I gusti e la storia di chi lo vive, attraverso l&#8217;arredamento, gli oggetti, i colori e i dettagli che raccontano un vissuto. Si tratta proprio del sogno di una casa vivente fatta su misura.<\/strong><\/p>\n<p><strong>Sostenibilit\u00e0 e rispetto per l&#8217;ambiente come l&#8217;utilizzo di materiali ecologici. L&#8217;attenzione al risparmio energetico. La creazione di un ciclo virtuoso che rispetta il pianeta. Cos\u00ec, la realizzazione di una casa vivente rappresenta questo sogno moderno.<\/strong><\/p>\n<p><strong>Spazi che nutrono le relazioni come ambienti conviviali che favoriscono l&#8217;incontro e la condivisione. Angoli intimi che invitano alla riflessione e al raccoglimento. Spazi flessibili che si adattano alle diverse dinamiche familiari e sociali. Del resto, sognare una casa vivente significa desiderare luoghi che avvicinino le persone.<\/strong><\/p>\n<p><strong>Tecnologia al servizio dell&#8217;uomo come sistemi domotici che semplificano la vita quotidiana, che gestiscono l&#8217;illuminazione, la temperatura, la sicurezza in modo intuitivo e che si integrano armoniosamente nell&#8217;ambiente. Non va dimenticato che il sogno di una casa vivente passa anche dall\u2019innovazione tecnologica integrata nello spazio.<\/strong><\/p>\n<p>&nbsp;<\/p>\n<p><strong>\u201cInseguo il sogno di una casa vivente, versatile, silente, che s&#8217;adatti continuamente alla versatilit\u00e0 della nostra vita, anzi la incoraggi. Con cento risorse che noi architetti insegneremo, arricchendola, con pareti e mobili leggeri. Una casa variabile, simultaneamente piena di ricordi, di speranze e di coraggiose accettazioni. Una casa &#8220;per viverla&#8221; nella fortuna e anche nelle malinconie, con quel che ha di immobile e fedele, e con quel che ha di variabile ed aperto ed aprendone le finestre finch\u00e9 v&#8217;entrino nel loro giro, sole e luna e l &#8216;altre stelle, e tutto \u00e8 movimento, chi scende e chi sale nel mistero della crescita, e chiss\u00e0 cosa vedr\u00e0. E rivolgendomi a voi inseguo l&#8217;immagine di una nuova societ\u00e0 umana. Questa immagine non \u00e8 un miraggio irraggiungibile, e sta a noi sognarla per raggiungerla perch\u00e9 nessuna cosa si \u00e8 avverata che non fosse dianzi sognata.\u201d [<a href=\"https:\/\/store.gioponti.org\/it\">Gio Ponti<\/a> &#8211; 1973]<\/strong><\/p>\n<div class=\"context\"><\/div>\n<\/div>\n<div class=\"grid__item eleven-twelfth portable--auto lap--auto palm--auto top-large-padding bottom-no-padding center full-width sin20bianco parallax-bg bg-1 \" data-style=\"undefined\">\n<div><span style=\"color: #e8c6c5;\">architetto<\/span><\/div>\n<div><span style=\"color: #e8c6c5;\">insolito<\/span><\/div>\n<div><span style=\"color: #e8c6c5;\">sensibile<\/span><\/div>\n<div><span style=\"color: #e8c6c5;\">empatico<\/span><\/div>\n<div><span style=\"color: #e8c6c5;\">creativo<\/span><\/div>\n<div><span style=\"color: #e8c6c5;\">sognatore<\/span><\/div>\n<\/div>\n<div class=\"grid__item one-whole portable--eight-twelfths lap--ten-twelfths palm--one-whole top-no-padding bottom-no-padding center \" data-style=\"undefined\"><\/div>\n<div class=\"grid__item ten-twelfths portable--auto lap--auto palm--auto top-large-padding bottom-large-padding center testo-link sottolineato \" data-style=\"undefined\">cuore\/ persona\/ sogno\/ dialogo\/ ascolto\/ <span style=\"color: #e8c6c5;\"><a class=\"sottolineato\" style=\"color: #e8c6c5;\" href=\"https:\/\/www.francesco-valentini.com\/francesco-valentini\/\">identit\u00e0\/<\/a><\/span> casa\/ luogo\/ valori\/ tradizione\/ <span style=\"color: #e8c6c5;\"><a class=\"sottolineato\" style=\"color: #e8c6c5;\" href=\"https:\/\/www.francesco-valentini.com\/architettura\/\">architettura\/<\/a><\/span> sensibilit\u00e0\/ legame\/ idea\/ ricerca\/ stimoli\/ dettaglio\/<span style=\"color: #e8c6c5;\"><a class=\"sottolineato\" style=\"color: #e8c6c5;\" href=\"https:\/\/www.francesco-valentini.com\/design\/\">design\/<\/a><\/span>arte\/ curiosit\u00e0\/ spazi mentali\/ passioni\/ sogno di una casa vivente\/ divenire\/ immaginazione\/ responsabilit\u00e0 sociale\/ passato\/ presente\/ futuro\/ <span style=\"color: #e8c6c5;\"><a class=\"sottolineato\" style=\"color: #e8c6c5;\" href=\"https:\/\/www.francesco-valentini.com\/press-eventi\/\">eventi\/<\/a> <\/span>desiderio\/ storia\/ stimoli\/ ambiente\/ significato\/ bellezza\/ <span style=\"color: #e8c6c5;\"><a class=\"sottolineato\" style=\"color: #e8c6c5;\" href=\"https:\/\/www.francesco-valentini.com\/laboratorio\/\">laboratorio\/<\/a><\/span> riflessione\/ tensione\/ ponte emozionale\/ realt\u00e0\/ equilibrio\/ sostenibilit\u00e0\/ ritmo\/ centralit\u00e0\/ essenza\/ abitare\/ leggerezza\/ genio\/ viaggio\/ colore\/ biancoenero\/ conservazione\/ analisi\/ visualizzazione\/ concetto\/<\/div>\n<\/div>\n","protected":false},"excerpt":{"rendered":"<p>Calafate is a new portfolio concept for creative agencies and freelancers. Graphic designers, illustrators, photographers or any kind of creative is now able to create a quick &#038; easy portfolio to showcase their work with a distinctive and creative touch.<\/p>","protected":false},"author":1,"featured_media":0,"parent":0,"menu_order":0,"comment_status":"closed","ping_status":"closed","template":"","meta":{"_acf_changed":false,"footnotes":""},"class_list":["post-2284","page","type-page","status-publish","hentry"],"acf":[],"yoast_head":"<!-- This site is optimized with the Yoast SEO Premium plugin v27.4 (Yoast SEO v27.4) - https:\/\/yoast.com\/product\/yoast-seo-premium-wordpress\/ -->\n<title>sogno di una casa vivente \u2022 francesco valentini architetto<\/title>\n<meta name=\"description\" content=\"Realizza il sogno di una casa vivente: esplora l&#039;architettura che stimola emozioni e accoglie luce e vita in ogni angolo.\" \/>\n<meta name=\"robots\" content=\"index, follow, max-snippet:-1, max-image-preview:large, max-video-preview:-1\" \/>\n<link rel=\"canonical\" href=\"https:\/\/www.francesco-valentini.com\/en\/\" \/>\n<meta property=\"og:locale\" content=\"en_GB\" \/>\n<meta property=\"og:type\" content=\"article\" \/>\n<meta property=\"og:title\" content=\"francesco valentini \u2022 dialogo ed ascolto | architettura sensibile\" \/>\n<meta property=\"og:description\" content=\"francesco valentini architetto \u00e8 una giovane realt\u00e0 multidisciplinare che opera su progetti architettonici, di interior ed industrial design.\" \/>\n<meta property=\"og:url\" content=\"https:\/\/www.francesco-valentini.com\/en\/\" \/>\n<meta property=\"og:site_name\" content=\"francesco valentini\" \/>\n<meta property=\"article:publisher\" content=\"https:\/\/www.facebook.com\/francescovalentiniarchitetto\" \/>\n<meta property=\"article:modified_time\" content=\"2026-04-04T23:07:53+00:00\" \/>\n<meta name=\"twitter:card\" content=\"summary_large_image\" \/>\n<meta name=\"twitter:title\" content=\"francesco valentini \u2022 dialogo ed ascolto | architettura sensibile\" \/>\n<meta name=\"twitter:description\" content=\"francesco valentini architetto \u00e8 una giovane realt\u00e0 multidisciplinare che opera su progetti architettonici, di interior ed industrial design.\" \/>\n<meta name=\"twitter:site\" content=\"@fds_O_D_A_\" \/>\n<meta name=\"twitter:label1\" content=\"Estimated reading time\" \/>\n\t<meta name=\"twitter:data1\" content=\"4 minutes\" \/>\n<script type=\"application\/ld+json\" class=\"yoast-schema-graph\">{\"@context\":\"https:\\\/\\\/schema.org\",\"@graph\":[{\"@type\":\"WebPage\",\"@id\":\"https:\\\/\\\/www.francesco-valentini.com\\\/\",\"url\":\"https:\\\/\\\/www.francesco-valentini.com\\\/\",\"name\":\"sogno di una casa vivente \u2022 francesco valentini architetto\",\"isPartOf\":{\"@id\":\"https:\\\/\\\/www.francesco-valentini.com\\\/#website\"},\"datePublished\":\"2018-05-14T21:13:54+00:00\",\"dateModified\":\"2026-04-04T23:07:53+00:00\",\"description\":\"Realizza il sogno di una casa vivente: esplora l'architettura che stimola emozioni e accoglie luce e vita in ogni angolo.\",\"breadcrumb\":{\"@id\":\"https:\\\/\\\/www.francesco-valentini.com\\\/#breadcrumb\"},\"inLanguage\":\"en-GB\",\"potentialAction\":[{\"@type\":\"ReadAction\",\"target\":[\"https:\\\/\\\/www.francesco-valentini.com\\\/\"]}]},{\"@type\":\"BreadcrumbList\",\"@id\":\"https:\\\/\\\/www.francesco-valentini.com\\\/#breadcrumb\",\"itemListElement\":[{\"@type\":\"ListItem\",\"position\":1,\"name\":\"Home\",\"item\":\"https:\\\/\\\/www.francesco-valentini.com\\\/\"},{\"@type\":\"ListItem\",\"position\":2,\"name\":\"home\"}]},{\"@type\":\"WebSite\",\"@id\":\"https:\\\/\\\/www.francesco-valentini.com\\\/#website\",\"url\":\"https:\\\/\\\/www.francesco-valentini.com\\\/\",\"name\":\"francesco valentini architetto\",\"description\":\"architetto\",\"publisher\":{\"@id\":\"https:\\\/\\\/www.francesco-valentini.com\\\/#organization\"},\"potentialAction\":[{\"@type\":\"SearchAction\",\"target\":{\"@type\":\"EntryPoint\",\"urlTemplate\":\"https:\\\/\\\/www.francesco-valentini.com\\\/?s={search_term_string}\"},\"query-input\":{\"@type\":\"PropertyValueSpecification\",\"valueRequired\":true,\"valueName\":\"search_term_string\"}}],\"inLanguage\":\"en-GB\"},{\"@type\":[\"Organization\",\"Place\",\"ProfessionalService\"],\"@id\":\"https:\\\/\\\/www.francesco-valentini.com\\\/#organization\",\"name\":\"francesco valentini architetto\",\"url\":\"https:\\\/\\\/www.francesco-valentini.com\\\/\",\"logo\":{\"@id\":\"https:\\\/\\\/www.francesco-valentini.com\\\/#local-main-organization-logo\"},\"image\":{\"@id\":\"https:\\\/\\\/www.francesco-valentini.com\\\/#local-main-organization-logo\"},\"sameAs\":[\"https:\\\/\\\/www.facebook.com\\\/francescovalentiniarchitetto\",\"https:\\\/\\\/x.com\\\/fds_O_D_A_\",\"https:\\\/\\\/www.instagram.com\\\/__francescovalentini__\\\/\",\"https:\\\/\\\/www.linkedin.com\\\/in\\\/francesco-valentini-9455786b\\\/\"],\"description\":\"Il nostro laboratorio di architettura e design rappresenta molto pi\u00f9 di uno spazio di lavoro. Un atelier creativo, un luogo progettato con l\u2019intento di dare forma concreta alle idee pi\u00f9 innovative. Il laboratorio \u00e8 situato in via Giuseppe Leti al numero 65, nel cuore della splendida e suggestiva citt\u00e0 di Fermo. Questo spazio \u00e8 pensato per essere il punto d\u2018incontro tra visione e realt\u00e0. Siamo qui pronti ad accoglierti con entusiasmo. Condividendo la nostra esperienza, dedizione e competenza, per trasformare le tue aspirazioni in progetti tangibili e armoniosi. In un ambiente che celebra l\u2019unione tra estetica, funzionalit\u00e0 e creativit\u00e0. Il nostro impegno \u00e8 quello di dar vita a soluzioni straordinarie, pensate su misura per rispondere alle tue necessit\u00e0 e valorizzare i tuoi desideri. Non esitare a metterti in contatto con noi. Saremo pi\u00f9 che felici di ascoltare le tue richieste e di soddisfare ogni tua esigenza con cura e professionalit\u00e0.\",\"legalName\":\"francesco valentini architetto\",\"foundingDate\":\"2009-09-01\",\"publishingPrinciples\":\"https:\\\/\\\/www.francesco-valentini.com\\\/privacy-policy-francesco-valentini-architetto-regione-marche\\\/\",\"address\":{\"@id\":\"https:\\\/\\\/www.francesco-valentini.com\\\/#local-main-place-address\"},\"geo\":{\"@type\":\"GeoCoordinates\",\"latitude\":\"43.1670290083048\",\"longitude\":\"13.735230430203691\"},\"telephone\":[\"+393495708094\"],\"contactPoint\":{\"@type\":\"ContactPoint\",\"telephone\":\"+393495708094\",\"email\":\"info@francesco-valentini.com\"},\"openingHoursSpecification\":[{\"@type\":\"OpeningHoursSpecification\",\"dayOfWeek\":[\"Monday\",\"Tuesday\",\"Wednesday\",\"Thursday\",\"Friday\"],\"opens\":\"09:00\",\"closes\":\"19:00\"},{\"@type\":\"OpeningHoursSpecification\",\"dayOfWeek\":[\"Saturday\",\"Sunday\"],\"opens\":\"00:00\",\"closes\":\"00:00\"}],\"email\":\"info@francesco-valentini.com\",\"vatID\":\"01999860446\",\"taxID\":\"VLNFNC81M20D542E\"},{\"@type\":\"PostalAddress\",\"@id\":\"https:\\\/\\\/www.francesco-valentini.com\\\/#local-main-place-address\",\"streetAddress\":\"via Giuseppe Leti 65\",\"addressLocality\":\"Fermo\",\"postalCode\":\"63900\",\"addressRegion\":\"Italia\",\"addressCountry\":\"IT\"},{\"@type\":\"ImageObject\",\"inLanguage\":\"en-GB\",\"@id\":\"https:\\\/\\\/www.francesco-valentini.com\\\/#local-main-organization-logo\",\"url\":\"https:\\\/\\\/www.francesco-valentini.com\\\/wp-content\\\/uploads\\\/2025\\\/10\\\/lofo-fva_QUADRATO.jpg\",\"contentUrl\":\"https:\\\/\\\/www.francesco-valentini.com\\\/wp-content\\\/uploads\\\/2025\\\/10\\\/lofo-fva_QUADRATO.jpg\",\"width\":1476,\"height\":1476,\"caption\":\"francesco valentini architetto\"}]}<\/script>\n<meta name=\"geo.placename\" content=\"Fermo\" \/>\n<meta name=\"geo.position\" content=\"43.1670290083048;13.735230430203691\" \/>\n<meta name=\"geo.region\" content=\"Italy\" \/>\n<!-- \/ Yoast SEO Premium plugin. -->","yoast_head_json":{"title":"dream of a living house - francesco valentini architect","description":"Realise the dream of a living home: explore architecture that stimulates emotions and welcomes light and life into every corner.","robots":{"index":"index","follow":"follow","max-snippet":"max-snippet:-1","max-image-preview":"max-image-preview:large","max-video-preview":"max-video-preview:-1"},"canonical":"https:\/\/www.francesco-valentini.com\/en\/","og_locale":"en_GB","og_type":"article","og_title":"francesco valentini \u2022 dialogo ed ascolto | architettura sensibile","og_description":"francesco valentini architetto \u00e8 una giovane realt\u00e0 multidisciplinare che opera su progetti architettonici, di interior ed industrial design.","og_url":"https:\/\/www.francesco-valentini.com\/en\/","og_site_name":"francesco valentini","article_publisher":"https:\/\/www.facebook.com\/francescovalentiniarchitetto","article_modified_time":"2026-04-04T23:07:53+00:00","twitter_card":"summary_large_image","twitter_title":"francesco valentini \u2022 dialogo ed ascolto | architettura sensibile","twitter_description":"francesco valentini architetto \u00e8 una giovane realt\u00e0 multidisciplinare che opera su progetti architettonici, di interior ed industrial design.","twitter_site":"@fds_O_D_A_","twitter_misc":{"Estimated reading time":"4 minutes"},"schema":{"@context":"https:\/\/schema.org","@graph":[{"@type":"WebPage","@id":"https:\/\/www.francesco-valentini.com\/","url":"https:\/\/www.francesco-valentini.com\/","name":"dream of a living house - francesco valentini architect","isPartOf":{"@id":"https:\/\/www.francesco-valentini.com\/#website"},"datePublished":"2018-05-14T21:13:54+00:00","dateModified":"2026-04-04T23:07:53+00:00","description":"Realise the dream of a living home: explore architecture that stimulates emotions and welcomes light and life into every corner.","breadcrumb":{"@id":"https:\/\/www.francesco-valentini.com\/#breadcrumb"},"inLanguage":"en-GB","potentialAction":[{"@type":"ReadAction","target":["https:\/\/www.francesco-valentini.com\/"]}]},{"@type":"BreadcrumbList","@id":"https:\/\/www.francesco-valentini.com\/#breadcrumb","itemListElement":[{"@type":"ListItem","position":1,"name":"Home","item":"https:\/\/www.francesco-valentini.com\/"},{"@type":"ListItem","position":2,"name":"home"}]},{"@type":"WebSite","@id":"https:\/\/www.francesco-valentini.com\/#website","url":"https:\/\/www.francesco-valentini.com\/","name":"francesco valentini architect","description":"architect","publisher":{"@id":"https:\/\/www.francesco-valentini.com\/#organization"},"potentialAction":[{"@type":"SearchAction","target":{"@type":"EntryPoint","urlTemplate":"https:\/\/www.francesco-valentini.com\/?s={search_term_string}"},"query-input":{"@type":"PropertyValueSpecification","valueRequired":true,"valueName":"search_term_string"}}],"inLanguage":"en-GB"},{"@type":["Organization","Place","ProfessionalService"],"@id":"https:\/\/www.francesco-valentini.com\/#organization","name":"francesco valentini architect","url":"https:\/\/www.francesco-valentini.com\/","logo":{"@id":"https:\/\/www.francesco-valentini.com\/#local-main-organization-logo"},"image":{"@id":"https:\/\/www.francesco-valentini.com\/#local-main-organization-logo"},"sameAs":["https:\/\/www.facebook.com\/francescovalentiniarchitetto","https:\/\/x.com\/fds_O_D_A_","https:\/\/www.instagram.com\/__francescovalentini__\/","https:\/\/www.linkedin.com\/in\/francesco-valentini-9455786b\/"],"description":"Our architecture and design workshop is much more than a workspace. A creative atelier, a place designed with the intention of giving concrete form to the most innovative ideas. The workshop is located at number 65, Via Giuseppe Leti, in the heart of the beautiful and evocative city of Fermo. This space is designed to be the meeting point between vision and reality. We are here ready to welcome you with enthusiasm. Sharing our experience, dedication and expertise, to transform your aspirations into tangible and harmonious projects. In an environment that celebrates the union of aesthetics, functionality and creativity. Our commitment is to create extraordinary solutions, tailor-made to meet your needs and enhance your desires. Do not hesitate to get in touch with us. We will be more than happy to listen to your requests and satisfy your every need with care and professionalism.","legalName":"francesco valentini architetto","foundingDate":"2009-09-01","publishingPrinciples":"https:\/\/www.francesco-valentini.com\/privacy-policy-francesco-valentini-architetto-regione-marche\/","address":{"@id":"https:\/\/www.francesco-valentini.com\/#local-main-place-address"},"geo":{"@type":"GeoCoordinates","latitude":"43.1670290083048","longitude":"13.735230430203691"},"telephone":["+393495708094"],"contactPoint":{"@type":"ContactPoint","telephone":"+393495708094","email":"info@francesco-valentini.com"},"openingHoursSpecification":[{"@type":"OpeningHoursSpecification","dayOfWeek":["Monday","Tuesday","Wednesday","Thursday","Friday"],"opens":"09:00","closes":"19:00"},{"@type":"OpeningHoursSpecification","dayOfWeek":["Saturday","Sunday"],"opens":"00:00","closes":"00:00"}],"email":"info@francesco-valentini.com","vatID":"01999860446","taxID":"VLNFNC81M20D542E"},{"@type":"PostalAddress","@id":"https:\/\/www.francesco-valentini.com\/#local-main-place-address","streetAddress":"via Giuseppe Leti 65","addressLocality":"Fermo","postalCode":"63900","addressRegion":"Italia","addressCountry":"IT"},{"@type":"ImageObject","inLanguage":"en-GB","@id":"https:\/\/www.francesco-valentini.com\/#local-main-organization-logo","url":"https:\/\/www.francesco-valentini.com\/wp-content\/uploads\/2025\/10\/lofo-fva_QUADRATO.jpg","contentUrl":"https:\/\/www.francesco-valentini.com\/wp-content\/uploads\/2025\/10\/lofo-fva_QUADRATO.jpg","width":1476,"height":1476,"caption":"francesco valentini architetto"}]},"geo.placename":"Fermo","geo.position":{"lat":"43.1670290083048","long":"13.735230430203691"},"geo.region":"Italy"},"_links":{"self":[{"href":"https:\/\/www.francesco-valentini.com\/en\/wp-json\/wp\/v2\/pages\/2284","targetHints":{"allow":["GET"]}}],"collection":[{"href":"https:\/\/www.francesco-valentini.com\/en\/wp-json\/wp\/v2\/pages"}],"about":[{"href":"https:\/\/www.francesco-valentini.com\/en\/wp-json\/wp\/v2\/types\/page"}],"author":[{"embeddable":true,"href":"https:\/\/www.francesco-valentini.com\/en\/wp-json\/wp\/v2\/users\/1"}],"replies":[{"embeddable":true,"href":"https:\/\/www.francesco-valentini.com\/en\/wp-json\/wp\/v2\/comments?post=2284"}],"version-history":[{"count":0,"href":"https:\/\/www.francesco-valentini.com\/en\/wp-json\/wp\/v2\/pages\/2284\/revisions"}],"wp:attachment":[{"href":"https:\/\/www.francesco-valentini.com\/en\/wp-json\/wp\/v2\/media?parent=2284"}],"curies":[{"name":"wp","href":"https:\/\/api.w.org\/{rel}","templated":true}]}}